{"id":580,"date":"2023-04-11T15:35:12","date_gmt":"2023-04-11T13:35:12","guid":{"rendered":"https:\/\/mecpuig.com\/compromis-de-qualitat"},"modified":"2025-04-14T16:15:46","modified_gmt":"2025-04-14T14:15:46","slug":"compromiso-de-calidad","status":"publish","type":"page","link":"https:\/\/mecpuig.com\/es\/compromiso-de-calidad","title":{"rendered":"Compromiso de calidad"},"content":{"rendered":"<p>[et_pb_section fb_built=\u00bb1&#8243; next_background_color=\u00bb#ffffff\u00bb admin_label=\u00bbFeatures\u00bb module_id=\u00bbserveis-i\u00bb _builder_version=\u00bb4.19.5&#8243; _module_preset=\u00bbdefault\u00bb background_color=\u00bb#252930&#8243; custom_padding=\u00bb30px||30px||true|\u00bb bottom_divider_style=\u00bbtriangle\u00bb bottom_divider_height=\u00bb20px\u00bb global_colors_info=\u00bb{}\u00bb][et_pb_row _builder_version=\u00bb4.19.5&#8243; _module_preset=\u00bbdefault\u00bb custom_padding=\u00bb0px||0px||true|\u00bb global_colors_info=\u00bb{}\u00bb][et_pb_column type=\u00bb4_4&#8243; _builder_version=\u00bb4.19.5&#8243; _module_preset=\u00bbdefault\u00bb global_colors_info=\u00bb{}\u00bb][et_pb_text _builder_version=\u00bb4.19.5&#8243; _module_preset=\u00bbdefault\u00bb header_font=\u00bb|600||on|||||\u00bb header_text_align=\u00bbcenter\u00bb header_text_color=\u00bb#FFFFFF\u00bb header_2_font=\u00bb|600||on|||||\u00bb header_2_text_align=\u00bbcenter\u00bb header_2_text_color=\u00bb#FFFFFF\u00bb header_2_font_size=\u00bb30px\u00bb global_colors_info=\u00bb{}\u00bb]<\/p>\n<h1 style=\"padding: 0px !important;\">Compromiso de calidad<\/h1>\n<p>[\/et_pb_text][\/et_pb_column][\/et_pb_row][\/et_pb_section][et_pb_section fb_built=\u00bb1&#8243; admin_label=\u00bbStory\u00bb _builder_version=\u00bb4.16&#8243; custom_padding=\u00bb70px||70px||true|false\u00bb global_colors_info=\u00bb{}\u00bb][et_pb_row use_custom_gutter=\u00bbon\u00bb make_equal=\u00bbon\u00bb _builder_version=\u00bb4.19.5&#8243; max_width=\u00bb1080px\u00bb custom_margin=\u00bb40px||\u00bb custom_padding=\u00bb||0px|||\u00bb border_color_all=\u00bbrgba(0,0,0,0.08)\u00bb border_width_top=\u00bb6px\u00bb global_colors_info=\u00bb{}\u00bb][et_pb_column type=\u00bb4_4&#8243; _builder_version=\u00bb4.16&#8243; custom_padding=\u00bb|||\u00bb global_colors_info=\u00bb{}\u00bb custom_padding__hover=\u00bb|||\u00bb][et_pb_text _builder_version=\u00bb4.19.5&#8243; text_font=\u00bb||||||||\u00bb header_font=\u00bb||||||||\u00bb header_2_font=\u00bb|700||on|||||\u00bb header_2_text_align=\u00bbcenter\u00bb header_2_font_size=\u00bb30px\u00bb header_2_line_height=\u00bb1.4em\u00bb background_color=\u00bb#ffffff\u00bb text_orientation=\u00bbcenter\u00bb max_width=\u00bb440px\u00bb module_alignment=\u00bbcenter\u00bb custom_margin=\u00bb-4.2em||\u00bb custom_padding=\u00bb|20px|0px|20px||true\u00bb header_2_font_size_tablet=\u00bb30px\u00bb header_2_font_size_phone=\u00bb24px\u00bb header_2_font_size_last_edited=\u00bbon|desktop\u00bb global_colors_info=\u00bb{}\u00bb header_3_font_size__hover=\u00bb22px\u00bb header_3_font_size__hover_enabled=\u00bb22px\u00bb header_3_letter_spacing__hover=\u00bb0px\u00bb header_3_letter_spacing__hover_enabled=\u00bb0px\u00bb header_3_line_height__hover=\u00bb1em\u00bb header_3_line_height__hover_enabled=\u00bb1em\u00bb header_3_text_shadow_style__hover=\u00bbnone\u00bb header_3_text_shadow_style__hover_enabled=\u00bbnone\u00bb header_3_text_shadow_color__hover=\u00bbrgba(0,0,0,0.4)\u00bb header_3_text_shadow_color__hover_enabled=\u00bbrgba(0,0,0,0.4)\u00bb]<\/p>\n<h2>CALIDAD<\/h2>\n<p>[\/et_pb_text][et_pb_text _builder_version=\u00bb4.19.5&#8243; _module_preset=\u00bbdefault\u00bb text_font=\u00bb|300|||||||\u00bb text_font_size=\u00bb18px\u00bb text_orientation=\u00bbcenter\u00bb global_colors_info=\u00bb{}\u00bb]MECANIZADOS PUIG SL, cree en la calidad como eje principal, y por esta raz\u00f3n cuenta con la certificaci\u00f3n internacional de calidad ISO 9001:2015, certificados por SGS.<\/p>\n<p>Nuestro sistema de calidad comienza con la recepci\u00f3n de los pedidos de nuestros clientes, sigue con la trazabilidad de la recepci\u00f3n de las materias primas y\/o mercanc\u00edas, contin\u00faa con el personal ( imprescindible para la consecuci\u00f3n de la misma ) y la implicaci\u00f3n de todos los departamentos, para dar siempre el m\u00e1ximo para poder cumplirla con rigurosidad.<\/p>\n<p>En nuestras instalaciones disponemos de una amplia gama de aparatos de medida para poder controlar la calidad solicitada por nuestros clientes.[\/et_pb_text][et_pb_button button_url=\u00bbhttps:\/\/mecpuig.com\/wp-content\/uploads\/2025\/04\/POLITICA-DE-QUALITAT.pdf\u00bb button_text=\u00bbVer Pol\u00edtica de Calidad\u00bb button_alignment=\u00bbcenter\u00bb _builder_version=\u00bb4.27.4&#8243; _module_preset=\u00bbdefault\u00bb hover_enabled=\u00bb0&#8243; global_colors_info=\u00bb{}\u00bb custom_button=\u00bbon\u00bb url_new_window=\u00bbon\u00bb sticky_enabled=\u00bb0&#8243; locked=\u00bboff\u00bb][\/et_pb_button][\/et_pb_column][\/et_pb_row][\/et_pb_section][et_pb_section fb_built=\u00bb1&#8243; admin_label=\u00bbStory\u00bb _builder_version=\u00bb4.16&#8243; custom_padding=\u00bb0px||70px||false|false\u00bb global_colors_info=\u00bb{}\u00bb][et_pb_row use_custom_gutter=\u00bbon\u00bb make_equal=\u00bbon\u00bb _builder_version=\u00bb4.19.5&#8243; max_width=\u00bb1080px\u00bb custom_margin=\u00bb40px||\u00bb custom_padding=\u00bb||0px|||\u00bb border_color_all=\u00bbrgba(0,0,0,0.08)\u00bb border_width_top=\u00bb6px\u00bb border_color_top=\u00bb#bd4343&#8243; global_colors_info=\u00bb{}\u00bb][et_pb_column type=\u00bb4_4&#8243; _builder_version=\u00bb4.16&#8243; custom_padding=\u00bb|||\u00bb global_colors_info=\u00bb{}\u00bb custom_padding__hover=\u00bb|||\u00bb][et_pb_text _builder_version=\u00bb4.19.5&#8243; text_font=\u00bb||||||||\u00bb header_font=\u00bb||||||||\u00bb header_2_font=\u00bb|700||on|||||\u00bb header_2_text_align=\u00bbcenter\u00bb header_2_font_size=\u00bb30px\u00bb header_2_line_height=\u00bb1.4em\u00bb background_color=\u00bb#ffffff\u00bb text_orientation=\u00bbcenter\u00bb max_width=\u00bb440px\u00bb module_alignment=\u00bbcenter\u00bb custom_margin=\u00bb-4.2em||\u00bb custom_padding=\u00bb|20px|0px|20px||true\u00bb header_2_font_size_tablet=\u00bb30px\u00bb header_2_font_size_phone=\u00bb24px\u00bb header_2_font_size_last_edited=\u00bbon|desktop\u00bb global_colors_info=\u00bb{}\u00bb header_3_font_size__hover=\u00bb22px\u00bb header_3_font_size__hover_enabled=\u00bb22px\u00bb header_3_letter_spacing__hover=\u00bb0px\u00bb header_3_letter_spacing__hover_enabled=\u00bb0px\u00bb header_3_line_height__hover=\u00bb1em\u00bb header_3_line_height__hover_enabled=\u00bb1em\u00bb header_3_text_shadow_style__hover=\u00bbnone\u00bb header_3_text_shadow_style__hover_enabled=\u00bbnone\u00bb header_3_text_shadow_color__hover=\u00bbrgba(0,0,0,0.4)\u00bb header_3_text_shadow_color__hover_enabled=\u00bbrgba(0,0,0,0.4)\u00bb]<\/p>\n<h2>Documentos<\/h2>\n<p>[\/et_pb_text][\/et_pb_column][\/et_pb_row][et_pb_row _builder_version=\u00bb4.19.5&#8243; _module_preset=\u00bbdefault\u00bb max_width=\u00bb800px\u00bb custom_padding=\u00bb0px||0px|||\u00bb global_colors_info=\u00bb{}\u00bb][et_pb_column type=\u00bb4_4&#8243; _builder_version=\u00bb4.19.5&#8243; _module_preset=\u00bbdefault\u00bb global_colors_info=\u00bb{}\u00bb][et_pb_image src=\u00bbhttps:\/\/mecpuig.com\/wp-content\/uploads\/2023\/04\/ISO-9001-mecpuig.png\u00bb title_text=\u00bbISO 9001 mecpuig\u00bb url=\u00bbhttps:\/\/mecpuig.com\/wp-content\/uploads\/2023\/04\/CERTF.-ED-2-CASTELLANO-1.pdf\u00bb url_new_window=\u00bbon\u00bb align=\u00bbcenter\u00bb _builder_version=\u00bb4.19.5&#8243; _module_preset=\u00bbdefault\u00bb max_width=\u00bb200px\u00bb custom_margin=\u00bb||20px|||\u00bb global_colors_info=\u00bb{}\u00bb][\/et_pb_image][et_pb_text _builder_version=\u00bb4.19.5&#8243; _module_preset=\u00bbdefault\u00bb text_font=\u00bb|700|||||||\u00bb text_text_color=\u00bb#bd4343&#8243; text_font_size=\u00bb20px\u00bb text_orientation=\u00bbcenter\u00bb link_option_url=\u00bbhttps:\/\/mecpuig.com\/wp-content\/uploads\/2023\/04\/CERTF.-ED-2-CASTELLANO-1.pdf\u00bb link_option_url_new_window=\u00bbon\u00bb global_colors_info=\u00bb{}\u00bb]<\/p>\n<p>ISO 9001<\/p>\n<p>[\/et_pb_text][\/et_pb_column][\/et_pb_row][\/et_pb_section]<\/p>\n","protected":false},"excerpt":{"rendered":"<p>Compromiso de calidadCALIDADMECANIZADOS PUIG SL, cree en la calidad como eje principal, y por esta raz\u00f3n cuenta con la certificaci\u00f3n internacional de calidad ISO 9001:2015, certificados por SGS. Nuestro sistema de calidad comienza con la recepci\u00f3n de los pedidos de nuestros clientes, sigue con la trazabilidad de la recepci\u00f3n de las materias primas y\/o mercanc\u00edas, [&hellip;]<\/p>\n","protected":false},"author":1,"featured_media":0,"parent":0,"menu_order":0,"comment_status":"closed","ping_status":"closed","template":"","meta":{"_et_pb_use_builder":"on","_et_pb_old_content":"","_et_gb_content_width":"","footnotes":""},"class_list":["post-580","page","type-page","status-publish","hentry"],"yoast_head":"<!-- This site is optimized with the Yoast SEO plugin v26.8 - https:\/\/yoast.com\/product\/yoast-seo-wordpress\/ -->\n<title>Compromiso de calidad - Mecanitzats Puig<\/title>\n<meta name=\"robots\" content=\"index, follow, max-snippet:-1, max-image-preview:large, max-video-preview:-1\" \/>\n<link rel=\"canonical\" href=\"https:\/\/mecpuig.com\/es\/compromiso-de-calidad\" \/>\n<meta property=\"og:locale\" content=\"es_ES\" \/>\n<meta property=\"og:type\" content=\"article\" \/>\n<meta property=\"og:title\" content=\"Compromiso de calidad - Mecanitzats Puig\" \/>\n<meta property=\"og:description\" content=\"Compromiso de calidadCALIDADMECANIZADOS PUIG SL, cree en la calidad como eje principal, y por esta raz\u00f3n cuenta con la certificaci\u00f3n internacional de calidad ISO 9001:2015, certificados por SGS. Nuestro sistema de calidad comienza con la recepci\u00f3n de los pedidos de nuestros clientes, sigue con la trazabilidad de la recepci\u00f3n de las materias primas y\/o mercanc\u00edas, [&hellip;]\" \/>\n<meta property=\"og:url\" content=\"https:\/\/mecpuig.com\/es\/compromiso-de-calidad\" \/>\n<meta property=\"og:site_name\" content=\"Mecanitzats Puig\" \/>\n<meta property=\"article:modified_time\" content=\"2025-04-14T14:15:46+00:00\" \/>\n<meta name=\"twitter:card\" content=\"summary_large_image\" \/>\n<meta name=\"twitter:label1\" content=\"Tiempo de lectura\" \/>\n\t<meta name=\"twitter:data1\" content=\"4 minutos\" \/>\n<script type=\"application\/ld+json\" class=\"yoast-schema-graph\">{\"@context\":\"https:\/\/schema.org\",\"@graph\":[{\"@type\":\"WebPage\",\"@id\":\"https:\/\/mecpuig.com\/es\/compromiso-de-calidad\",\"url\":\"https:\/\/mecpuig.com\/es\/compromiso-de-calidad\",\"name\":\"Compromiso de calidad - Mecanitzats Puig\",\"isPartOf\":{\"@id\":\"https:\/\/mecpuig.com\/#website\"},\"datePublished\":\"2023-04-11T13:35:12+00:00\",\"dateModified\":\"2025-04-14T14:15:46+00:00\",\"breadcrumb\":{\"@id\":\"https:\/\/mecpuig.com\/es\/compromiso-de-calidad#breadcrumb\"},\"inLanguage\":\"es\",\"potentialAction\":[{\"@type\":\"ReadAction\",\"target\":[\"https:\/\/mecpuig.com\/es\/compromiso-de-calidad\"]}]},{\"@type\":\"BreadcrumbList\",\"@id\":\"https:\/\/mecpuig.com\/es\/compromiso-de-calidad#breadcrumb\",\"itemListElement\":[{\"@type\":\"ListItem\",\"position\":1,\"name\":\"Inici\",\"item\":\"https:\/\/mecpuig.com\/es\"},{\"@type\":\"ListItem\",\"position\":2,\"name\":\"Compromiso de calidad\"}]},{\"@type\":\"WebSite\",\"@id\":\"https:\/\/mecpuig.com\/#website\",\"url\":\"https:\/\/mecpuig.com\/\",\"name\":\"Mecanitzats Puig\",\"description\":\"\",\"publisher\":{\"@id\":\"https:\/\/mecpuig.com\/#organization\"},\"potentialAction\":[{\"@type\":\"SearchAction\",\"target\":{\"@type\":\"EntryPoint\",\"urlTemplate\":\"https:\/\/mecpuig.com\/?s={search_term_string}\"},\"query-input\":{\"@type\":\"PropertyValueSpecification\",\"valueRequired\":true,\"valueName\":\"search_term_string\"}}],\"inLanguage\":\"es\"},{\"@type\":\"Organization\",\"@id\":\"https:\/\/mecpuig.com\/#organization\",\"name\":\"Mecanitzats Puig\",\"url\":\"https:\/\/mecpuig.com\/\",\"logo\":{\"@type\":\"ImageObject\",\"inLanguage\":\"es\",\"@id\":\"https:\/\/mecpuig.com\/#\/schema\/logo\/image\/\",\"url\":\"https:\/\/mecpuig.com\/wp-content\/uploads\/2023\/03\/mecpuig-logo-2-23.png\",\"contentUrl\":\"https:\/\/mecpuig.com\/wp-content\/uploads\/2023\/03\/mecpuig-logo-2-23.png\",\"width\":359,\"height\":78,\"caption\":\"Mecanitzats Puig\"},\"image\":{\"@id\":\"https:\/\/mecpuig.com\/#\/schema\/logo\/image\/\"}}]}<\/script>\n<!-- \/ Yoast SEO plugin. -->","yoast_head_json":{"title":"Compromiso de calidad - Mecanitzats Puig","robots":{"index":"index","follow":"follow","max-snippet":"max-snippet:-1","max-image-preview":"max-image-preview:large","max-video-preview":"max-video-preview:-1"},"canonical":"https:\/\/mecpuig.com\/es\/compromiso-de-calidad","og_locale":"es_ES","og_type":"article","og_title":"Compromiso de calidad - Mecanitzats Puig","og_description":"Compromiso de calidadCALIDADMECANIZADOS PUIG SL, cree en la calidad como eje principal, y por esta raz\u00f3n cuenta con la certificaci\u00f3n internacional de calidad ISO 9001:2015, certificados por SGS. Nuestro sistema de calidad comienza con la recepci\u00f3n de los pedidos de nuestros clientes, sigue con la trazabilidad de la recepci\u00f3n de las materias primas y\/o mercanc\u00edas, [&hellip;]","og_url":"https:\/\/mecpuig.com\/es\/compromiso-de-calidad","og_site_name":"Mecanitzats Puig","article_modified_time":"2025-04-14T14:15:46+00:00","twitter_card":"summary_large_image","twitter_misc":{"Tiempo de lectura":"4 minutos"},"schema":{"@context":"https:\/\/schema.org","@graph":[{"@type":"WebPage","@id":"https:\/\/mecpuig.com\/es\/compromiso-de-calidad","url":"https:\/\/mecpuig.com\/es\/compromiso-de-calidad","name":"Compromiso de calidad - Mecanitzats Puig","isPartOf":{"@id":"https:\/\/mecpuig.com\/#website"},"datePublished":"2023-04-11T13:35:12+00:00","dateModified":"2025-04-14T14:15:46+00:00","breadcrumb":{"@id":"https:\/\/mecpuig.com\/es\/compromiso-de-calidad#breadcrumb"},"inLanguage":"es","potentialAction":[{"@type":"ReadAction","target":["https:\/\/mecpuig.com\/es\/compromiso-de-calidad"]}]},{"@type":"BreadcrumbList","@id":"https:\/\/mecpuig.com\/es\/compromiso-de-calidad#breadcrumb","itemListElement":[{"@type":"ListItem","position":1,"name":"Inici","item":"https:\/\/mecpuig.com\/es"},{"@type":"ListItem","position":2,"name":"Compromiso de calidad"}]},{"@type":"WebSite","@id":"https:\/\/mecpuig.com\/#website","url":"https:\/\/mecpuig.com\/","name":"Mecanitzats Puig","description":"","publisher":{"@id":"https:\/\/mecpuig.com\/#organization"},"potentialAction":[{"@type":"SearchAction","target":{"@type":"EntryPoint","urlTemplate":"https:\/\/mecpuig.com\/?s={search_term_string}"},"query-input":{"@type":"PropertyValueSpecification","valueRequired":true,"valueName":"search_term_string"}}],"inLanguage":"es"},{"@type":"Organization","@id":"https:\/\/mecpuig.com\/#organization","name":"Mecanitzats Puig","url":"https:\/\/mecpuig.com\/","logo":{"@type":"ImageObject","inLanguage":"es","@id":"https:\/\/mecpuig.com\/#\/schema\/logo\/image\/","url":"https:\/\/mecpuig.com\/wp-content\/uploads\/2023\/03\/mecpuig-logo-2-23.png","contentUrl":"https:\/\/mecpuig.com\/wp-content\/uploads\/2023\/03\/mecpuig-logo-2-23.png","width":359,"height":78,"caption":"Mecanitzats Puig"},"image":{"@id":"https:\/\/mecpuig.com\/#\/schema\/logo\/image\/"}}]}},"_links":{"self":[{"href":"https:\/\/mecpuig.com\/es\/wp-json\/wp\/v2\/pages\/580","targetHints":{"allow":["GET"]}}],"collection":[{"href":"https:\/\/mecpuig.com\/es\/wp-json\/wp\/v2\/pages"}],"about":[{"href":"https:\/\/mecpuig.com\/es\/wp-json\/wp\/v2\/types\/page"}],"author":[{"embeddable":true,"href":"https:\/\/mecpuig.com\/es\/wp-json\/wp\/v2\/users\/1"}],"replies":[{"embeddable":true,"href":"https:\/\/mecpuig.com\/es\/wp-json\/wp\/v2\/comments?post=580"}],"version-history":[{"count":5,"href":"https:\/\/mecpuig.com\/es\/wp-json\/wp\/v2\/pages\/580\/revisions"}],"predecessor-version":[{"id":943,"href":"https:\/\/mecpuig.com\/es\/wp-json\/wp\/v2\/pages\/580\/revisions\/943"}],"wp:attachment":[{"href":"https:\/\/mecpuig.com\/es\/wp-json\/wp\/v2\/media?parent=580"}],"curies":[{"name":"wp","href":"https:\/\/api.w.org\/{rel}","templated":true}]}}