{"id":603,"date":"2023-04-11T16:17:35","date_gmt":"2023-04-11T14:17:35","guid":{"rendered":"https:\/\/mecpuig.com\/cortadora-de-engranajes"},"modified":"2023-04-11T16:18:56","modified_gmt":"2023-04-11T14:18:56","slug":"cortadora-de-engranajes","status":"publish","type":"page","link":"https:\/\/mecpuig.com\/es\/cortadora-de-engranajes","title":{"rendered":"Cortadora de engranajes"},"content":{"rendered":"<p>[et_pb_section fb_built=\u00bb1&#8243; next_background_color=\u00bb#ffffff\u00bb admin_label=\u00bbFeatures\u00bb module_id=\u00bbserveis-i\u00bb _builder_version=\u00bb4.19.5&#8243; _module_preset=\u00bbdefault\u00bb background_color=\u00bb#252930&#8243; custom_padding=\u00bb30px||30px||true|\u00bb bottom_divider_style=\u00bbtriangle\u00bb bottom_divider_height=\u00bb20px\u00bb global_colors_info=\u00bb{}\u00bb][et_pb_row _builder_version=\u00bb4.19.5&#8243; _module_preset=\u00bbdefault\u00bb custom_padding=\u00bb0px||0px||true|\u00bb global_colors_info=\u00bb{}\u00bb][et_pb_column type=\u00bb4_4&#8243; _builder_version=\u00bb4.19.5&#8243; _module_preset=\u00bbdefault\u00bb global_colors_info=\u00bb{}\u00bb][et_pb_text _builder_version=\u00bb4.19.5&#8243; _module_preset=\u00bbdefault\u00bb header_font=\u00bb|600||on|||||\u00bb header_text_align=\u00bbcenter\u00bb header_text_color=\u00bb#FFFFFF\u00bb header_2_font=\u00bb|600||on|||||\u00bb header_2_text_align=\u00bbcenter\u00bb header_2_text_color=\u00bb#FFFFFF\u00bb header_2_font_size=\u00bb30px\u00bb global_colors_info=\u00bb{}\u00bb]<\/p>\n<h1 style=\"padding: 0px !important;\">Cortadora de engranajes<\/h1>\n<p>[\/et_pb_text][\/et_pb_column][\/et_pb_row][\/et_pb_section][et_pb_section fb_built=\u00bb1&#8243; _builder_version=\u00bb4.19.5&#8243; _module_preset=\u00bbdefault\u00bb custom_padding=\u00bb30px||0px|||\u00bb global_colors_info=\u00bb{}\u00bb][et_pb_row _builder_version=\u00bb4.19.5&#8243; _module_preset=\u00bbdefault\u00bb custom_padding=\u00bb0px||30px||false|false\u00bb global_colors_info=\u00bb{}\u00bb][et_pb_column type=\u00bb4_4&#8243; _builder_version=\u00bb4.19.5&#8243; _module_preset=\u00bbdefault\u00bb global_colors_info=\u00bb{}\u00bb][et_pb_image src=\u00bbhttps:\/\/mecpuig.com\/wp-content\/uploads\/2023\/02\/002-settings.png\u00bb title_text=\u00bbTalladora d&#8217;engranatges\u00bb align=\u00bbcenter\u00bb _builder_version=\u00bb4.19.5&#8243; _module_preset=\u00bbdefault\u00bb max_width=\u00bb65px\u00bb global_colors_info=\u00bb{}\u00bb][\/et_pb_image][\/et_pb_column][\/et_pb_row][et_pb_row column_structure=\u00bb2_5,3_5&#8243; make_equal=\u00bbon\u00bb _builder_version=\u00bb4.19.5&#8243; _module_preset=\u00bbdefault\u00bb max_width=\u00bb1140px\u00bb custom_margin=\u00bb||60px||false|false\u00bb custom_padding=\u00bb20px|20px|20px|20px|true|true\u00bb custom_css_main_element=\u00bbalign-items: center;\u00bb border_width_all=\u00bb4px\u00bb border_color_all=\u00bb#bd4343&#8243; global_colors_info=\u00bb{}\u00bb][et_pb_column type=\u00bb2_5&#8243; _builder_version=\u00bb4.19.5&#8243; _module_preset=\u00bbdefault\u00bb global_colors_info=\u00bb{}\u00bb][et_pb_text ul_type=\u00bbsquare\u00bb module_class=\u00bblistacustom\u00bb _builder_version=\u00bb4.19.5&#8243; _module_preset=\u00bbdefault\u00bb text_font=\u00bb|300|||||||\u00bb ul_font=\u00bb|300|||||||\u00bb ul_line_height=\u00bb1.7em\u00bb hover_enabled=\u00bb0&#8243; text_font_size_tablet=\u00bb16px\u00bb text_font_size_last_edited=\u00bboff|desktop\u00bb global_colors_info=\u00bb{}\u00bb sticky_enabled=\u00bb0&#8243;]<strong> CORTADORA CELTA MOD. C-2MD<\/strong> , para engranajes rectos y helicoidales.<\/p>\n<ul>\n<li>N\u00ba m\u00ednimo de dientes a cortar 12.<\/li>\n<li>N\u00ba m\u00e1ximo de dientes a cortar 100.<\/li>\n<li>M\u00f3dulo m\u00e1ximo 6 hasta un di\u00e1metro m\u00e1x. de 200.<\/li>\n<li>M\u00f3dulo m\u00e1ximo 5 hasta un di\u00e1metro m\u00e1x. de 400.<\/li>\n<li>M\u00f3dulos de 1-4 hasta un di\u00e1metro m\u00e1x. de 600.<\/li>\n<\/ul>\n<p>&nbsp;[\/et_pb_text][\/et_pb_column][et_pb_column type=\u00bb3_5&#8243; _builder_version=\u00bb4.19.5&#8243; _module_preset=\u00bbdefault\u00bb global_colors_info=\u00bb{}\u00bb][et_pb_image src=\u00bbhttps:\/\/mecpuig.com\/wp-content\/uploads\/2023\/04\/talladora_1_mecp.jpg\u00bb title_text=\u00bbtalladora_1_mecp\u00bb _builder_version=\u00bb4.19.5&#8243; _module_preset=\u00bbdefault\u00bb global_colors_info=\u00bb{}\u00bb][\/et_pb_image][\/et_pb_column][\/et_pb_row][\/et_pb_section]<\/p>\n","protected":false},"excerpt":{"rendered":"<p>Cortadora de engranajes CORTADORA CELTA MOD. C-2MD , para engranajes rectos y helicoidales. N\u00ba m\u00ednimo de dientes a cortar 12. N\u00ba m\u00e1ximo de dientes a cortar 100. M\u00f3dulo m\u00e1ximo 6 hasta un di\u00e1metro m\u00e1x. de 200. M\u00f3dulo m\u00e1ximo 5 hasta un di\u00e1metro m\u00e1x. de 400. M\u00f3dulos de 1-4 hasta un di\u00e1metro m\u00e1x. de 600. &nbsp;<\/p>\n","protected":false},"author":1,"featured_media":0,"parent":0,"menu_order":0,"comment_status":"closed","ping_status":"closed","template":"","meta":{"_et_pb_use_builder":"on","_et_pb_old_content":"","_et_gb_content_width":"","footnotes":""},"class_list":["post-603","page","type-page","status-publish","hentry"],"yoast_head":"<!-- This site is optimized with the Yoast SEO plugin v26.8 - https:\/\/yoast.com\/product\/yoast-seo-wordpress\/ -->\n<title>Cortadora de engranajes - Mecanitzats Puig<\/title>\n<meta name=\"robots\" content=\"index, follow, max-snippet:-1, max-image-preview:large, max-video-preview:-1\" \/>\n<link rel=\"canonical\" href=\"https:\/\/mecpuig.com\/es\/cortadora-de-engranajes\" \/>\n<meta property=\"og:locale\" content=\"es_ES\" \/>\n<meta property=\"og:type\" content=\"article\" \/>\n<meta property=\"og:title\" content=\"Cortadora de engranajes - Mecanitzats Puig\" \/>\n<meta property=\"og:description\" content=\"Cortadora de engranajes CORTADORA CELTA MOD. C-2MD , para engranajes rectos y helicoidales. N\u00ba m\u00ednimo de dientes a cortar 12. N\u00ba m\u00e1ximo de dientes a cortar 100. M\u00f3dulo m\u00e1ximo 6 hasta un di\u00e1metro m\u00e1x. de 200. M\u00f3dulo m\u00e1ximo 5 hasta un di\u00e1metro m\u00e1x. de 400. M\u00f3dulos de 1-4 hasta un di\u00e1metro m\u00e1x. de 600. &nbsp;\" \/>\n<meta property=\"og:url\" content=\"https:\/\/mecpuig.com\/es\/cortadora-de-engranajes\" \/>\n<meta property=\"og:site_name\" content=\"Mecanitzats Puig\" \/>\n<meta property=\"article:modified_time\" content=\"2023-04-11T14:18:56+00:00\" \/>\n<meta name=\"twitter:card\" content=\"summary_large_image\" \/>\n<meta name=\"twitter:label1\" content=\"Tiempo de lectura\" \/>\n\t<meta name=\"twitter:data1\" content=\"2 minutos\" \/>\n<script type=\"application\/ld+json\" class=\"yoast-schema-graph\">{\"@context\":\"https:\/\/schema.org\",\"@graph\":[{\"@type\":\"WebPage\",\"@id\":\"https:\/\/mecpuig.com\/es\/cortadora-de-engranajes\",\"url\":\"https:\/\/mecpuig.com\/es\/cortadora-de-engranajes\",\"name\":\"Cortadora de engranajes - Mecanitzats Puig\",\"isPartOf\":{\"@id\":\"https:\/\/mecpuig.com\/#website\"},\"datePublished\":\"2023-04-11T14:17:35+00:00\",\"dateModified\":\"2023-04-11T14:18:56+00:00\",\"breadcrumb\":{\"@id\":\"https:\/\/mecpuig.com\/es\/cortadora-de-engranajes#breadcrumb\"},\"inLanguage\":\"es\",\"potentialAction\":[{\"@type\":\"ReadAction\",\"target\":[\"https:\/\/mecpuig.com\/es\/cortadora-de-engranajes\"]}]},{\"@type\":\"BreadcrumbList\",\"@id\":\"https:\/\/mecpuig.com\/es\/cortadora-de-engranajes#breadcrumb\",\"itemListElement\":[{\"@type\":\"ListItem\",\"position\":1,\"name\":\"Inici\",\"item\":\"https:\/\/mecpuig.com\/es\"},{\"@type\":\"ListItem\",\"position\":2,\"name\":\"Cortadora de engranajes\"}]},{\"@type\":\"WebSite\",\"@id\":\"https:\/\/mecpuig.com\/#website\",\"url\":\"https:\/\/mecpuig.com\/\",\"name\":\"Mecanitzats Puig\",\"description\":\"\",\"publisher\":{\"@id\":\"https:\/\/mecpuig.com\/#organization\"},\"potentialAction\":[{\"@type\":\"SearchAction\",\"target\":{\"@type\":\"EntryPoint\",\"urlTemplate\":\"https:\/\/mecpuig.com\/?s={search_term_string}\"},\"query-input\":{\"@type\":\"PropertyValueSpecification\",\"valueRequired\":true,\"valueName\":\"search_term_string\"}}],\"inLanguage\":\"es\"},{\"@type\":\"Organization\",\"@id\":\"https:\/\/mecpuig.com\/#organization\",\"name\":\"Mecanitzats Puig\",\"url\":\"https:\/\/mecpuig.com\/\",\"logo\":{\"@type\":\"ImageObject\",\"inLanguage\":\"es\",\"@id\":\"https:\/\/mecpuig.com\/#\/schema\/logo\/image\/\",\"url\":\"https:\/\/mecpuig.com\/wp-content\/uploads\/2023\/03\/mecpuig-logo-2-23.png\",\"contentUrl\":\"https:\/\/mecpuig.com\/wp-content\/uploads\/2023\/03\/mecpuig-logo-2-23.png\",\"width\":359,\"height\":78,\"caption\":\"Mecanitzats Puig\"},\"image\":{\"@id\":\"https:\/\/mecpuig.com\/#\/schema\/logo\/image\/\"}}]}<\/script>\n<!-- \/ Yoast SEO plugin. -->","yoast_head_json":{"title":"Cortadora de engranajes - Mecanitzats Puig","robots":{"index":"index","follow":"follow","max-snippet":"max-snippet:-1","max-image-preview":"max-image-preview:large","max-video-preview":"max-video-preview:-1"},"canonical":"https:\/\/mecpuig.com\/es\/cortadora-de-engranajes","og_locale":"es_ES","og_type":"article","og_title":"Cortadora de engranajes - Mecanitzats Puig","og_description":"Cortadora de engranajes CORTADORA CELTA MOD. C-2MD , para engranajes rectos y helicoidales. N\u00ba m\u00ednimo de dientes a cortar 12. N\u00ba m\u00e1ximo de dientes a cortar 100. M\u00f3dulo m\u00e1ximo 6 hasta un di\u00e1metro m\u00e1x. de 200. M\u00f3dulo m\u00e1ximo 5 hasta un di\u00e1metro m\u00e1x. de 400. M\u00f3dulos de 1-4 hasta un di\u00e1metro m\u00e1x. de 600. &nbsp;","og_url":"https:\/\/mecpuig.com\/es\/cortadora-de-engranajes","og_site_name":"Mecanitzats Puig","article_modified_time":"2023-04-11T14:18:56+00:00","twitter_card":"summary_large_image","twitter_misc":{"Tiempo de lectura":"2 minutos"},"schema":{"@context":"https:\/\/schema.org","@graph":[{"@type":"WebPage","@id":"https:\/\/mecpuig.com\/es\/cortadora-de-engranajes","url":"https:\/\/mecpuig.com\/es\/cortadora-de-engranajes","name":"Cortadora de engranajes - Mecanitzats Puig","isPartOf":{"@id":"https:\/\/mecpuig.com\/#website"},"datePublished":"2023-04-11T14:17:35+00:00","dateModified":"2023-04-11T14:18:56+00:00","breadcrumb":{"@id":"https:\/\/mecpuig.com\/es\/cortadora-de-engranajes#breadcrumb"},"inLanguage":"es","potentialAction":[{"@type":"ReadAction","target":["https:\/\/mecpuig.com\/es\/cortadora-de-engranajes"]}]},{"@type":"BreadcrumbList","@id":"https:\/\/mecpuig.com\/es\/cortadora-de-engranajes#breadcrumb","itemListElement":[{"@type":"ListItem","position":1,"name":"Inici","item":"https:\/\/mecpuig.com\/es"},{"@type":"ListItem","position":2,"name":"Cortadora de engranajes"}]},{"@type":"WebSite","@id":"https:\/\/mecpuig.com\/#website","url":"https:\/\/mecpuig.com\/","name":"Mecanitzats Puig","description":"","publisher":{"@id":"https:\/\/mecpuig.com\/#organization"},"potentialAction":[{"@type":"SearchAction","target":{"@type":"EntryPoint","urlTemplate":"https:\/\/mecpuig.com\/?s={search_term_string}"},"query-input":{"@type":"PropertyValueSpecification","valueRequired":true,"valueName":"search_term_string"}}],"inLanguage":"es"},{"@type":"Organization","@id":"https:\/\/mecpuig.com\/#organization","name":"Mecanitzats Puig","url":"https:\/\/mecpuig.com\/","logo":{"@type":"ImageObject","inLanguage":"es","@id":"https:\/\/mecpuig.com\/#\/schema\/logo\/image\/","url":"https:\/\/mecpuig.com\/wp-content\/uploads\/2023\/03\/mecpuig-logo-2-23.png","contentUrl":"https:\/\/mecpuig.com\/wp-content\/uploads\/2023\/03\/mecpuig-logo-2-23.png","width":359,"height":78,"caption":"Mecanitzats Puig"},"image":{"@id":"https:\/\/mecpuig.com\/#\/schema\/logo\/image\/"}}]}},"_links":{"self":[{"href":"https:\/\/mecpuig.com\/es\/wp-json\/wp\/v2\/pages\/603","targetHints":{"allow":["GET"]}}],"collection":[{"href":"https:\/\/mecpuig.com\/es\/wp-json\/wp\/v2\/pages"}],"about":[{"href":"https:\/\/mecpuig.com\/es\/wp-json\/wp\/v2\/types\/page"}],"author":[{"embeddable":true,"href":"https:\/\/mecpuig.com\/es\/wp-json\/wp\/v2\/users\/1"}],"replies":[{"embeddable":true,"href":"https:\/\/mecpuig.com\/es\/wp-json\/wp\/v2\/comments?post=603"}],"version-history":[{"count":2,"href":"https:\/\/mecpuig.com\/es\/wp-json\/wp\/v2\/pages\/603\/revisions"}],"predecessor-version":[{"id":605,"href":"https:\/\/mecpuig.com\/es\/wp-json\/wp\/v2\/pages\/603\/revisions\/605"}],"wp:attachment":[{"href":"https:\/\/mecpuig.com\/es\/wp-json\/wp\/v2\/media?parent=603"}],"curies":[{"name":"wp","href":"https:\/\/api.w.org\/{rel}","templated":true}]}}