{"id":606,"date":"2023-04-11T16:22:51","date_gmt":"2023-04-11T14:22:51","guid":{"rendered":"https:\/\/mecpuig.com\/maquinas-de-perforar"},"modified":"2024-01-03T12:57:15","modified_gmt":"2024-01-03T11:57:15","slug":"maquinas-de-perforar","status":"publish","type":"page","link":"https:\/\/mecpuig.com\/es\/maquinas-de-perforar","title":{"rendered":"M\u00c1QUINAS DE PERFORAR"},"content":{"rendered":"<p>[et_pb_section fb_built=\u00bb1&#8243; next_background_color=\u00bb#ffffff\u00bb admin_label=\u00bbFeatures\u00bb module_id=\u00bbserveis-i\u00bb _builder_version=\u00bb4.19.5&#8243; _module_preset=\u00bbdefault\u00bb background_color=\u00bb#252930&#8243; custom_padding=\u00bb30px||30px||true|\u00bb bottom_divider_style=\u00bbtriangle\u00bb bottom_divider_height=\u00bb20px\u00bb global_colors_info=\u00bb{}\u00bb][et_pb_row _builder_version=\u00bb4.19.5&#8243; _module_preset=\u00bbdefault\u00bb custom_padding=\u00bb0px||0px||true|\u00bb global_colors_info=\u00bb{}\u00bb][et_pb_column type=\u00bb4_4&#8243; _builder_version=\u00bb4.19.5&#8243; _module_preset=\u00bbdefault\u00bb global_colors_info=\u00bb{}\u00bb][et_pb_text _builder_version=\u00bb4.19.5&#8243; _module_preset=\u00bbdefault\u00bb header_font=\u00bb|600||on|||||\u00bb header_text_align=\u00bbcenter\u00bb header_text_color=\u00bb#FFFFFF\u00bb header_2_font=\u00bb|600||on|||||\u00bb header_2_text_align=\u00bbcenter\u00bb header_2_text_color=\u00bb#FFFFFF\u00bb header_2_font_size=\u00bb30px\u00bb global_colors_info=\u00bb{}\u00bb]<\/p>\n<h1 style=\"padding: 0px !important;\">M\u00c1QUINAS DE PERFORAR<\/h1>\n<p>[\/et_pb_text][\/et_pb_column][\/et_pb_row][\/et_pb_section][et_pb_section fb_built=\u00bb1&#8243; _builder_version=\u00bb4.19.5&#8243; _module_preset=\u00bbdefault\u00bb custom_padding=\u00bb30px||0px|||\u00bb global_colors_info=\u00bb{}\u00bb][et_pb_row _builder_version=\u00bb4.19.5&#8243; _module_preset=\u00bbdefault\u00bb custom_padding=\u00bb0px||30px||false|false\u00bb global_colors_info=\u00bb{}\u00bb][et_pb_column type=\u00bb4_4&#8243; _builder_version=\u00bb4.19.5&#8243; _module_preset=\u00bbdefault\u00bb global_colors_info=\u00bb{}\u00bb][et_pb_image src=\u00bbhttps:\/\/mecpuig.com\/wp-content\/uploads\/2023\/02\/005-screw.png\u00bb title_text=\u00bbM\u00c0QUINES DE FORADAR\u00bb align=\u00bbcenter\u00bb _builder_version=\u00bb4.19.5&#8243; _module_preset=\u00bbdefault\u00bb max_width=\u00bb65px\u00bb global_colors_info=\u00bb{}\u00bb][\/et_pb_image][\/et_pb_column][\/et_pb_row][et_pb_row column_structure=\u00bb1_4,1_4,1_4,1_4&#8243; use_custom_gutter=\u00bbon\u00bb gutter_width=\u00bb2&#8243; _builder_version=\u00bb4.19.5&#8243; _module_preset=\u00bbdefault\u00bb custom_padding=\u00bb0px|||||\u00bb global_colors_info=\u00bb{}\u00bb][et_pb_column type=\u00bb1_4&#8243; _builder_version=\u00bb4.19.5&#8243; _module_preset=\u00bbdefault\u00bb global_colors_info=\u00bb{}\u00bb][et_pb_text _builder_version=\u00bb4.19.5&#8243; _module_preset=\u00bbdefault\u00bb text_orientation=\u00bbcenter\u00bb custom_margin=\u00bb||12px|||\u00bb global_colors_info=\u00bb{}\u00bb]ASLAK OPTIMUM B33 PRO[\/et_pb_text][et_pb_image src=\u00bbhttps:\/\/mecpuig.com\/wp-content\/uploads\/2023\/04\/20230121_133456.jpg\u00bb title_text=\u00bb20230121_133456&#8243; align=\u00bbcenter\u00bb _builder_version=\u00bb4.19.5&#8243; _module_preset=\u00bbdefault\u00bb global_colors_info=\u00bb{}\u00bb][\/et_pb_image][\/et_pb_column][et_pb_column type=\u00bb1_4&#8243; _builder_version=\u00bb4.19.5&#8243; _module_preset=\u00bbdefault\u00bb global_colors_info=\u00bb{}\u00bb][et_pb_text _builder_version=\u00bb4.19.5&#8243; _module_preset=\u00bbdefault\u00bb text_orientation=\u00bbcenter\u00bb custom_margin=\u00bb||12px|||\u00bb global_colors_info=\u00bb{}\u00bb]IBARMIA MOD. CA-50[\/et_pb_text][et_pb_image src=\u00bbhttps:\/\/mecpuig.com\/wp-content\/uploads\/2023\/04\/20230121_133047.jpg\u00bb title_text=\u00bb20230121_133047&#8243; align=\u00bbcenter\u00bb _builder_version=\u00bb4.19.5&#8243; _module_preset=\u00bbdefault\u00bb global_colors_info=\u00bb{}\u00bb][\/et_pb_image][\/et_pb_column][et_pb_column type=\u00bb1_4&#8243; _builder_version=\u00bb4.19.5&#8243; _module_preset=\u00bbdefault\u00bb global_colors_info=\u00bb{}\u00bb][et_pb_text _builder_version=\u00bb4.19.5&#8243; _module_preset=\u00bbdefault\u00bb text_orientation=\u00bbcenter\u00bb custom_margin=\u00bb||12px|||\u00bb global_colors_info=\u00bb{}\u00bb]OPTIMUM OPTI B20[\/et_pb_text][et_pb_image src=\u00bbhttps:\/\/mecpuig.com\/wp-content\/uploads\/2023\/04\/20230121_134002.jpg\u00bb title_text=\u00bb20230121_134002&#8243; align=\u00bbcenter\u00bb _builder_version=\u00bb4.19.5&#8243; _module_preset=\u00bbdefault\u00bb global_colors_info=\u00bb{}\u00bb][\/et_pb_image][\/et_pb_column][et_pb_column type=\u00bb1_4&#8243; _builder_version=\u00bb4.19.5&#8243; _module_preset=\u00bbdefault\u00bb global_colors_info=\u00bb{}\u00bb][et_pb_text _builder_version=\u00bb4.19.5&#8243; _module_preset=\u00bbdefault\u00bb text_orientation=\u00bbcenter\u00bb custom_margin=\u00bb||12px|||\u00bb global_colors_info=\u00bb{}\u00bb]OPTIMUM OPTI B25[\/et_pb_text][et_pb_image src=\u00bbhttps:\/\/mecpuig.com\/wp-content\/uploads\/2023\/04\/20230121_132653.jpg\u00bb title_text=\u00bb20230121_132653&#8243; align=\u00bbcenter\u00bb _builder_version=\u00bb4.19.5&#8243; _module_preset=\u00bbdefault\u00bb global_colors_info=\u00bb{}\u00bb][\/et_pb_image][\/et_pb_column][\/et_pb_row][\/et_pb_section]<\/p>\n","protected":false},"excerpt":{"rendered":"<p>M\u00c1QUINAS DE PERFORARASLAK OPTIMUM B33 PROIBARMIA MOD. CA-50OPTIMUM OPTI B20OPTIMUM OPTI B25<\/p>\n","protected":false},"author":1,"featured_media":0,"parent":0,"menu_order":0,"comment_status":"closed","ping_status":"closed","template":"","meta":{"_et_pb_use_builder":"on","_et_pb_old_content":"","_et_gb_content_width":"","footnotes":""},"class_list":["post-606","page","type-page","status-publish","hentry"],"yoast_head":"<!-- This site is optimized with the Yoast SEO plugin v26.8 - https:\/\/yoast.com\/product\/yoast-seo-wordpress\/ -->\n<title>Servicio M\u00e1quina Taladradora - Contrata a un Profesional - Mecanitzats Puig<\/title>\n<meta name=\"description\" content=\"Servicio M\u00e1quina Taladradora. Realizamos proyectos de perforaci\u00f3n para particulares y empresas. Especialistas, 30 a\u00f1os de experiencia\" \/>\n<meta name=\"robots\" content=\"index, follow, max-snippet:-1, max-image-preview:large, max-video-preview:-1\" \/>\n<link rel=\"canonical\" href=\"https:\/\/mecpuig.com\/es\/maquinas-de-perforar\" \/>\n<meta property=\"og:locale\" content=\"es_ES\" \/>\n<meta property=\"og:type\" content=\"article\" \/>\n<meta property=\"og:title\" content=\"Servicio M\u00e1quina Taladradora - Contrata a un Profesional - Mecanitzats Puig\" \/>\n<meta property=\"og:description\" content=\"Servicio M\u00e1quina Taladradora. Realizamos proyectos de perforaci\u00f3n para particulares y empresas. Especialistas, 30 a\u00f1os de experiencia\" \/>\n<meta property=\"og:url\" content=\"https:\/\/mecpuig.com\/es\/maquinas-de-perforar\" \/>\n<meta property=\"og:site_name\" content=\"Mecanitzats Puig\" \/>\n<meta property=\"article:modified_time\" content=\"2024-01-03T11:57:15+00:00\" \/>\n<meta name=\"twitter:card\" content=\"summary_large_image\" \/>\n<meta name=\"twitter:label1\" content=\"Tiempo de lectura\" \/>\n\t<meta name=\"twitter:data1\" content=\"1 minuto\" \/>\n<script type=\"application\/ld+json\" class=\"yoast-schema-graph\">{\"@context\":\"https:\/\/schema.org\",\"@graph\":[{\"@type\":\"WebPage\",\"@id\":\"https:\/\/mecpuig.com\/es\/maquinas-de-perforar\",\"url\":\"https:\/\/mecpuig.com\/es\/maquinas-de-perforar\",\"name\":\"Servicio M\u00e1quina Taladradora - Contrata a un Profesional - Mecanitzats Puig\",\"isPartOf\":{\"@id\":\"https:\/\/mecpuig.com\/#website\"},\"datePublished\":\"2023-04-11T14:22:51+00:00\",\"dateModified\":\"2024-01-03T11:57:15+00:00\",\"description\":\"Servicio M\u00e1quina Taladradora. Realizamos proyectos de perforaci\u00f3n para particulares y empresas. Especialistas, 30 a\u00f1os de experiencia\",\"breadcrumb\":{\"@id\":\"https:\/\/mecpuig.com\/es\/maquinas-de-perforar#breadcrumb\"},\"inLanguage\":\"es\",\"potentialAction\":[{\"@type\":\"ReadAction\",\"target\":[\"https:\/\/mecpuig.com\/es\/maquinas-de-perforar\"]}]},{\"@type\":\"BreadcrumbList\",\"@id\":\"https:\/\/mecpuig.com\/es\/maquinas-de-perforar#breadcrumb\",\"itemListElement\":[{\"@type\":\"ListItem\",\"position\":1,\"name\":\"Inici\",\"item\":\"https:\/\/mecpuig.com\/es\"},{\"@type\":\"ListItem\",\"position\":2,\"name\":\"M\u00c1QUINAS DE PERFORAR\"}]},{\"@type\":\"WebSite\",\"@id\":\"https:\/\/mecpuig.com\/#website\",\"url\":\"https:\/\/mecpuig.com\/\",\"name\":\"Mecanitzats Puig\",\"description\":\"\",\"publisher\":{\"@id\":\"https:\/\/mecpuig.com\/#organization\"},\"potentialAction\":[{\"@type\":\"SearchAction\",\"target\":{\"@type\":\"EntryPoint\",\"urlTemplate\":\"https:\/\/mecpuig.com\/?s={search_term_string}\"},\"query-input\":{\"@type\":\"PropertyValueSpecification\",\"valueRequired\":true,\"valueName\":\"search_term_string\"}}],\"inLanguage\":\"es\"},{\"@type\":\"Organization\",\"@id\":\"https:\/\/mecpuig.com\/#organization\",\"name\":\"Mecanitzats Puig\",\"url\":\"https:\/\/mecpuig.com\/\",\"logo\":{\"@type\":\"ImageObject\",\"inLanguage\":\"es\",\"@id\":\"https:\/\/mecpuig.com\/#\/schema\/logo\/image\/\",\"url\":\"https:\/\/mecpuig.com\/wp-content\/uploads\/2023\/03\/mecpuig-logo-2-23.png\",\"contentUrl\":\"https:\/\/mecpuig.com\/wp-content\/uploads\/2023\/03\/mecpuig-logo-2-23.png\",\"width\":359,\"height\":78,\"caption\":\"Mecanitzats Puig\"},\"image\":{\"@id\":\"https:\/\/mecpuig.com\/#\/schema\/logo\/image\/\"}}]}<\/script>\n<!-- \/ Yoast SEO plugin. -->","yoast_head_json":{"title":"Servicio M\u00e1quina Taladradora - Contrata a un Profesional - Mecanitzats Puig","description":"Servicio M\u00e1quina Taladradora. Realizamos proyectos de perforaci\u00f3n para particulares y empresas. Especialistas, 30 a\u00f1os de experiencia","robots":{"index":"index","follow":"follow","max-snippet":"max-snippet:-1","max-image-preview":"max-image-preview:large","max-video-preview":"max-video-preview:-1"},"canonical":"https:\/\/mecpuig.com\/es\/maquinas-de-perforar","og_locale":"es_ES","og_type":"article","og_title":"Servicio M\u00e1quina Taladradora - Contrata a un Profesional - Mecanitzats Puig","og_description":"Servicio M\u00e1quina Taladradora. Realizamos proyectos de perforaci\u00f3n para particulares y empresas. Especialistas, 30 a\u00f1os de experiencia","og_url":"https:\/\/mecpuig.com\/es\/maquinas-de-perforar","og_site_name":"Mecanitzats Puig","article_modified_time":"2024-01-03T11:57:15+00:00","twitter_card":"summary_large_image","twitter_misc":{"Tiempo de lectura":"1 minuto"},"schema":{"@context":"https:\/\/schema.org","@graph":[{"@type":"WebPage","@id":"https:\/\/mecpuig.com\/es\/maquinas-de-perforar","url":"https:\/\/mecpuig.com\/es\/maquinas-de-perforar","name":"Servicio M\u00e1quina Taladradora - Contrata a un Profesional - Mecanitzats Puig","isPartOf":{"@id":"https:\/\/mecpuig.com\/#website"},"datePublished":"2023-04-11T14:22:51+00:00","dateModified":"2024-01-03T11:57:15+00:00","description":"Servicio M\u00e1quina Taladradora. Realizamos proyectos de perforaci\u00f3n para particulares y empresas. Especialistas, 30 a\u00f1os de experiencia","breadcrumb":{"@id":"https:\/\/mecpuig.com\/es\/maquinas-de-perforar#breadcrumb"},"inLanguage":"es","potentialAction":[{"@type":"ReadAction","target":["https:\/\/mecpuig.com\/es\/maquinas-de-perforar"]}]},{"@type":"BreadcrumbList","@id":"https:\/\/mecpuig.com\/es\/maquinas-de-perforar#breadcrumb","itemListElement":[{"@type":"ListItem","position":1,"name":"Inici","item":"https:\/\/mecpuig.com\/es"},{"@type":"ListItem","position":2,"name":"M\u00c1QUINAS DE PERFORAR"}]},{"@type":"WebSite","@id":"https:\/\/mecpuig.com\/#website","url":"https:\/\/mecpuig.com\/","name":"Mecanitzats Puig","description":"","publisher":{"@id":"https:\/\/mecpuig.com\/#organization"},"potentialAction":[{"@type":"SearchAction","target":{"@type":"EntryPoint","urlTemplate":"https:\/\/mecpuig.com\/?s={search_term_string}"},"query-input":{"@type":"PropertyValueSpecification","valueRequired":true,"valueName":"search_term_string"}}],"inLanguage":"es"},{"@type":"Organization","@id":"https:\/\/mecpuig.com\/#organization","name":"Mecanitzats Puig","url":"https:\/\/mecpuig.com\/","logo":{"@type":"ImageObject","inLanguage":"es","@id":"https:\/\/mecpuig.com\/#\/schema\/logo\/image\/","url":"https:\/\/mecpuig.com\/wp-content\/uploads\/2023\/03\/mecpuig-logo-2-23.png","contentUrl":"https:\/\/mecpuig.com\/wp-content\/uploads\/2023\/03\/mecpuig-logo-2-23.png","width":359,"height":78,"caption":"Mecanitzats Puig"},"image":{"@id":"https:\/\/mecpuig.com\/#\/schema\/logo\/image\/"}}]}},"_links":{"self":[{"href":"https:\/\/mecpuig.com\/es\/wp-json\/wp\/v2\/pages\/606","targetHints":{"allow":["GET"]}}],"collection":[{"href":"https:\/\/mecpuig.com\/es\/wp-json\/wp\/v2\/pages"}],"about":[{"href":"https:\/\/mecpuig.com\/es\/wp-json\/wp\/v2\/types\/page"}],"author":[{"embeddable":true,"href":"https:\/\/mecpuig.com\/es\/wp-json\/wp\/v2\/users\/1"}],"replies":[{"embeddable":true,"href":"https:\/\/mecpuig.com\/es\/wp-json\/wp\/v2\/comments?post=606"}],"version-history":[{"count":3,"href":"https:\/\/mecpuig.com\/es\/wp-json\/wp\/v2\/pages\/606\/revisions"}],"predecessor-version":[{"id":729,"href":"https:\/\/mecpuig.com\/es\/wp-json\/wp\/v2\/pages\/606\/revisions\/729"}],"wp:attachment":[{"href":"https:\/\/mecpuig.com\/es\/wp-json\/wp\/v2\/media?parent=606"}],"curies":[{"name":"wp","href":"https:\/\/api.w.org\/{rel}","templated":true}]}}